{"id":191,"date":"2023-10-26T11:41:38","date_gmt":"2023-10-26T09:41:38","guid":{"rendered":"https:\/\/nextbike-live.pluspol-networks.de\/kvb-rad\/?page_id=191"},"modified":"2025-11-20T13:42:24","modified_gmt":"2025-11-20T12:42:24","slug":"partner","status":"publish","type":"page","link":"https:\/\/www.kvb-rad.de\/koeln\/de\/partner\/","title":{"rendered":"Partner"},"content":{"rendered":"<div class=\"wpb-content-wrapper\"><p>[vc_row][vc_column][vc_column_text css=&#8220;&#8220;]<\/p>\n<h1 style=\"text-align: center;\">Partner<\/h1>\n<h3 style=\"text-align: center;\"><strong data-renderer-mark=\"true\">Alle mit VRS-Chipkarte oder digitalem <span class=\"fabric-text-color-mark\" data-renderer-mark=\"true\" data-text-custom-color=\"#ff5630\">KVB-Abo<\/span> \/ Deutschlandticket genie\u00dfen Freiminuten<\/strong><\/h3>\n<p>[\/vc_column_text][vc_single_image image=&#8220;195&#8243; img_size=&#8220;medium&#8220; alignment=&#8220;center&#8220;][\/vc_column][\/vc_row][vc_row ppi_row_padding=&#8220;ppi_remove_padding_top&#8220;][vc_column width=&#8220;1\/6&#8243;][vc_icon icon_fontawesome=&#8220;fas fa-university&#8220; color=&#8220;custom&#8220; size=&#8220;lg&#8220; custom_color=&#8220;#e30613&#8243;][\/vc_column][vc_column width=&#8220;5\/6&#8243;][vc_tta_accordion active_section=&#8220;0&#8243; collapsible_all=&#8220;true&#8220; title=&#8220;Verkn\u00fcpfung&#8220;][vc_tta_section title=&#8220;So geht&#8217;s&#8220; tab_id=&#8220;institutionen7581-60cb&#8220;][vc_column_text css=&#8220;&#8220;]<\/p>\n<p data-renderer-start-pos=\"73\">Verkn\u00fcpfe deine VRS-Chipkarte \/ digitales KVB-Abo in der nextbike App. \u00d6ffne das Wallet und w\u00e4hle entweder \u201eKVB-Rad | mit Abo auf der VRS-Chipkarte\u201c, \u201eKVB-Rad | mit digitalem Abo\u201c <span class=\"fabric-text-color-mark\" data-renderer-mark=\"true\" data-text-custom-color=\"#ff5630\">oder \u201cKVB-Rad | mit Abo in der KVB-App\u201d<\/span> aus und gib deine Chipkartennummer bzw. die Kundennummer aus der Ticket-E-Mail und dein Alter ein.<\/p>\n<p data-renderer-start-pos=\"422\">Nutzt du die Chipkarte, musst du diese einmalig verifizieren, indem du sie zumindest bei der ersten Ausleihe als Ausleihmedium nutzt.<\/p>\n<p data-renderer-start-pos=\"557\">Schon radelst du bei dieser und folgenden Ausleihen 30 Minuten kostenlos.<\/p>\n<p>&nbsp;<\/p>\n<p class=\"m_-651515821352470658MsoListParagraph\"><strong>Du hast eine\u00a0neue Chipkarte bekommen?<u><\/u><u><\/u><\/strong><\/p>\n<p>L\u00f6sche im Wallet deiner nextbike App deine bestehende Verkn\u00fcpfung und wiederhole den Verkn\u00fcpfungsprozess mit deiner neuen Chipkarte. Dann f\u00fcr die n\u00e4chste Ausleihe die neue Chipkarte nutzen und diese an den Sensor am Hinterrad halten, um die neue Karte mit dem Kundenkonto zu verkn\u00fcpfen.<u><\/u><u><\/u><\/p>\n<p class=\"m_-651515821352470658MsoListParagraph\"><a href=\"https:\/\/www.youtube.com\/shorts\/2yeVAOQcnEc\" target=\"_blank\" rel=\"noopener noreferrer\">Schau dir hier an wie&#8217;s geht.<\/a><\/p>\n<p>[\/vc_column_text][\/vc_tta_section][\/vc_tta_accordion][\/vc_column][\/vc_row][vc_row ppi_row_padding=&#8220;ppi_remove_padding_top&#8220;][vc_column width=&#8220;1\/6&#8243;][vc_icon icon_fontawesome=&#8220;fas fa-tags&#8220; color=&#8220;custom&#8220; size=&#8220;lg&#8220; custom_color=&#8220;#e30613&#8243;][\/vc_column][vc_column width=&#8220;5\/6&#8243;][vc_tta_accordion active_section=&#8220;0&#8243; collapsible_all=&#8220;true&#8220; title=&#8220;Konditionen&#8220;][vc_tta_section title=&#8220;Genie\u00dfe Freiminuten&#8220; tab_id=&#8220;institutionen1bd3-bd61&#8243;][vc_column_text css=&#8220;&#8220;]<\/p>\n<p data-renderer-start-pos=\"645\">Die Verg\u00fcnstigungen gelten f\u00fcr alle mit VRS-Chipkarte<span data-renderer-mark=\"true\">n<\/span>\u00a0oder digitalem KVB-Abo ab dem Alter von 16 Jahren.<\/p>\n<p data-renderer-start-pos=\"645\">Bei jeder Ausleihe in K\u00f6ln sind die ersten 30 Minuten inklusive. Bei \u00dcberschreitung der Freiminuten kosten weitere 30 Minuten je 1 \u20ac. F\u00fcr 24 Stunden fallen maximal 9 \u20ac an. Eventuelle R\u00fcckgabe-Aufpreise fallen unabh\u00e4ngig von den Freiminuten an. Bei mehreren parallelen Ausleihen gilt die Verg\u00fcnstigung nur f\u00fcr das erste Rad. Weitere R\u00e4der werden im lokalen Basistarif abgerechnet.<\/p>\n<p data-renderer-start-pos=\"1026\">Nutzt du die Chipkarte, werden Verg\u00fcnstigungen auch in weiteren St\u00e4dten im VRS-Gebiet gew\u00e4hrt.<\/p>\n<p>[\/vc_column_text][\/vc_tta_section][\/vc_tta_accordion][\/vc_column][\/vc_row][vc_row ppi_row_padding=&#8220;ppi_remove_padding_top&#8220;][vc_column width=&#8220;1\/6&#8243;][vc_icon icon_fontawesome=&#8220;fas fa-city&#8220; color=&#8220;custom&#8220; size=&#8220;lg&#8220; custom_color=&#8220;#e30613&#8243;][\/vc_column][vc_column width=&#8220;5\/6&#8243;][vc_tta_accordion active_section=&#8220;0&#8243; collapsible_all=&#8220;true&#8220; title=&#8220;Verg\u00fcnstigungen in anderen VRS-St\u00e4dten und -Gemeinden&#8220;][vc_tta_section title=&#8220;Wo gibt&#8217;s noch Freiminuten?&#8220; tab_id=&#8220;1698314500215-4975e639-d5dc&#8220;][vc_column_text css=&#8220;&#8220;]Du kannst auch in weiteren St\u00e4dten\/Regionen im VRS-Gebiet Vorteile genie\u00dfen, wenn du in der Nextbike-App bei diesen deine Chipkartennummer hinterlegst<span data-renderer-mark=\"true\">.<\/span>\u00a0Details zu den Sonderkonditionen k\u00f6nnen der jeweiligen Webseite entnommen werden:<\/p>\n<ul>\n<li><a href=\"https:\/\/www.wupsirad.de\/leverkusen\/de\" target=\"_blank\" rel=\"noopener noreferrer\">wupsiRad Leverkusen<\/a><\/li>\n<li><a href=\"https:\/\/www.nextbike.de\/bergisches-ebike\/de\" target=\"_blank\" rel=\"noopener noreferrer\">Bergisches E-Bike<\/a><\/li>\n<li><a href=\"https:\/\/www.nextbike.de\/mobic\/de\/\">mobic<\/a><\/li>\n<li><a href=\"https:\/\/www.welo-bike.de\/de\/\">welo<\/a><\/li>\n<\/ul>\n<p>[\/vc_column_text][\/vc_tta_section][\/vc_tta_accordion][\/vc_column][\/vc_row]<\/p>\n<\/div>","protected":false},"excerpt":{"rendered":"<p>[vc_row][vc_column][vc_column_text css=&#8220;&#8220;] Partner Alle mit VRS-Chipkarte oder digitalem KVB-Abo \/ Deutschlandticket genie\u00dfen Freiminuten [\/vc_column_text][vc_single_image image=&#8220;195&#8243; img_size=&#8220;medium&#8220; alignment=&#8220;center&#8220;][\/vc_column][\/vc_row][vc_row ppi_row_padding=&#8220;ppi_remove_padding_top&#8220;][vc_column width=&#8220;1\/6&#8243;][vc_icon icon_fontawesome=&#8220;fas fa-university&#8220; color=&#8220;custom&#8220; size=&#8220;lg&#8220; custom_color=&#8220;#e30613&#8243;][\/vc_column][vc_column width=&#8220;5\/6&#8243;][vc_tta_accordion active_section=&#8220;0&#8243; collapsible_all=&#8220;true&#8220; title=&#8220;Verkn\u00fcpfung&#8220;][vc_tta_section title=&#8220;So geht&#8217;s&#8220; tab_id=&#8220;institutionen7581-60cb&#8220;][vc_column_text css=&#8220;&#8220;] Verkn\u00fcpfe deine VRS-Chipkarte \/ digitales KVB-Abo in der nextbike App. \u00d6ffne das Wallet und w\u00e4hle entweder \u201eKVB-Rad | mit Abo auf der VRS-Chipkarte\u201c, [&hellip;]<\/p>\n","protected":false},"author":13,"featured_media":0,"parent":0,"menu_order":0,"comment_status":"closed","ping_status":"closed","template":"page-bubble.php","meta":{"_acf_changed":false,"inline_featured_image":false,"footnotes":""},"class_list":["post-191","page","type-page","status-publish","hentry"],"acf":[],"yoast_head":"<!-- This site is optimized with the Yoast SEO plugin v27.2 - https:\/\/yoast.com\/product\/yoast-seo-wordpress\/ -->\n<title>Partner - KVB-Rad<\/title>\n<meta name=\"description\" content=\"VRS-Chipkarten-Inhaber*innen genie\u00dfen Sonderkonditionen. Jetzt verkn\u00fcpfen und von Freiminuten profitieren.\" \/>\n<meta name=\"robots\" content=\"index, follow, max-snippet:-1, max-image-preview:large, max-video-preview:-1\" \/>\n<link rel=\"canonical\" href=\"https:\/\/www.kvb-rad.de\/koeln\/de\/partner\/\" \/>\n<meta property=\"og:locale\" content=\"de_DE\" \/>\n<meta property=\"og:type\" content=\"article\" \/>\n<meta property=\"og:title\" content=\"Partner - KVB-Rad\" \/>\n<meta property=\"og:description\" content=\"VRS-Chipkarten-Inhaber*innen genie\u00dfen Sonderkonditionen. Jetzt verkn\u00fcpfen und von Freiminuten profitieren.\" \/>\n<meta property=\"og:url\" content=\"https:\/\/www.kvb-rad.de\/koeln\/de\/partner\/\" \/>\n<meta property=\"og:site_name\" content=\"KVB-Rad\" \/>\n<meta property=\"article:modified_time\" content=\"2025-11-20T12:42:24+00:00\" \/>\n<meta name=\"twitter:card\" content=\"summary_large_image\" \/>\n<meta name=\"twitter:label1\" content=\"Gesch\u00e4tzte Lesezeit\" \/>\n\t<meta name=\"twitter:data1\" content=\"2\u00a0Minuten\" \/>\n<script type=\"application\/ld+json\" class=\"yoast-schema-graph\">{\"@context\":\"https:\/\/schema.org\",\"@graph\":[{\"@type\":\"WebPage\",\"@id\":\"https:\/\/www.kvb-rad.de\/koeln\/de\/partner\/\",\"url\":\"https:\/\/www.kvb-rad.de\/koeln\/de\/partner\/\",\"name\":\"Partner - KVB-Rad\",\"isPartOf\":{\"@id\":\"https:\/\/www.kvb-rad.de\/koeln\/de\/#website\"},\"datePublished\":\"2023-10-26T09:41:38+00:00\",\"dateModified\":\"2025-11-20T12:42:24+00:00\",\"description\":\"VRS-Chipkarten-Inhaber*innen genie\u00dfen Sonderkonditionen. Jetzt verkn\u00fcpfen und von Freiminuten profitieren.\",\"breadcrumb\":{\"@id\":\"https:\/\/www.kvb-rad.de\/koeln\/de\/partner\/#breadcrumb\"},\"inLanguage\":\"de\",\"potentialAction\":[{\"@type\":\"ReadAction\",\"target\":[\"https:\/\/www.kvb-rad.de\/koeln\/de\/partner\/\"]}]},{\"@type\":\"BreadcrumbList\",\"@id\":\"https:\/\/www.kvb-rad.de\/koeln\/de\/partner\/#breadcrumb\",\"itemListElement\":[{\"@type\":\"ListItem\",\"position\":1,\"name\":\"Startseite\",\"item\":\"https:\/\/www.kvb-rad.de\/koeln\/de\/\"},{\"@type\":\"ListItem\",\"position\":2,\"name\":\"Partner\"}]},{\"@type\":\"WebSite\",\"@id\":\"https:\/\/www.kvb-rad.de\/koeln\/de\/#website\",\"url\":\"https:\/\/www.kvb-rad.de\/koeln\/de\/\",\"name\":\"KVB-Rad\",\"description\":\"Eine weitere Nextbike Websites Website\",\"potentialAction\":[{\"@type\":\"SearchAction\",\"target\":{\"@type\":\"EntryPoint\",\"urlTemplate\":\"https:\/\/www.kvb-rad.de\/koeln\/de\/?s={search_term_string}\"},\"query-input\":{\"@type\":\"PropertyValueSpecification\",\"valueRequired\":true,\"valueName\":\"search_term_string\"}}],\"inLanguage\":\"de\"}]}<\/script>\n<!-- \/ Yoast SEO plugin. -->","yoast_head_json":{"title":"Partner - KVB-Rad","description":"VRS-Chipkarten-Inhaber*innen genie\u00dfen Sonderkonditionen. Jetzt verkn\u00fcpfen und von Freiminuten profitieren.","robots":{"index":"index","follow":"follow","max-snippet":"max-snippet:-1","max-image-preview":"max-image-preview:large","max-video-preview":"max-video-preview:-1"},"canonical":"https:\/\/www.kvb-rad.de\/koeln\/de\/partner\/","og_locale":"de_DE","og_type":"article","og_title":"Partner - KVB-Rad","og_description":"VRS-Chipkarten-Inhaber*innen genie\u00dfen Sonderkonditionen. Jetzt verkn\u00fcpfen und von Freiminuten profitieren.","og_url":"https:\/\/www.kvb-rad.de\/koeln\/de\/partner\/","og_site_name":"KVB-Rad","article_modified_time":"2025-11-20T12:42:24+00:00","twitter_card":"summary_large_image","twitter_misc":{"Gesch\u00e4tzte Lesezeit":"2\u00a0Minuten"},"schema":{"@context":"https:\/\/schema.org","@graph":[{"@type":"WebPage","@id":"https:\/\/www.kvb-rad.de\/koeln\/de\/partner\/","url":"https:\/\/www.kvb-rad.de\/koeln\/de\/partner\/","name":"Partner - KVB-Rad","isPartOf":{"@id":"https:\/\/www.kvb-rad.de\/koeln\/de\/#website"},"datePublished":"2023-10-26T09:41:38+00:00","dateModified":"2025-11-20T12:42:24+00:00","description":"VRS-Chipkarten-Inhaber*innen genie\u00dfen Sonderkonditionen. Jetzt verkn\u00fcpfen und von Freiminuten profitieren.","breadcrumb":{"@id":"https:\/\/www.kvb-rad.de\/koeln\/de\/partner\/#breadcrumb"},"inLanguage":"de","potentialAction":[{"@type":"ReadAction","target":["https:\/\/www.kvb-rad.de\/koeln\/de\/partner\/"]}]},{"@type":"BreadcrumbList","@id":"https:\/\/www.kvb-rad.de\/koeln\/de\/partner\/#breadcrumb","itemListElement":[{"@type":"ListItem","position":1,"name":"Startseite","item":"https:\/\/www.kvb-rad.de\/koeln\/de\/"},{"@type":"ListItem","position":2,"name":"Partner"}]},{"@type":"WebSite","@id":"https:\/\/www.kvb-rad.de\/koeln\/de\/#website","url":"https:\/\/www.kvb-rad.de\/koeln\/de\/","name":"KVB-Rad","description":"Eine weitere Nextbike Websites Website","potentialAction":[{"@type":"SearchAction","target":{"@type":"EntryPoint","urlTemplate":"https:\/\/www.kvb-rad.de\/koeln\/de\/?s={search_term_string}"},"query-input":{"@type":"PropertyValueSpecification","valueRequired":true,"valueName":"search_term_string"}}],"inLanguage":"de"}]}},"_links":{"self":[{"href":"https:\/\/www.kvb-rad.de\/koeln\/de\/wp-json\/wp\/v2\/pages\/191","targetHints":{"allow":["GET"]}}],"collection":[{"href":"https:\/\/www.kvb-rad.de\/koeln\/de\/wp-json\/wp\/v2\/pages"}],"about":[{"href":"https:\/\/www.kvb-rad.de\/koeln\/de\/wp-json\/wp\/v2\/types\/page"}],"author":[{"embeddable":true,"href":"https:\/\/www.kvb-rad.de\/koeln\/de\/wp-json\/wp\/v2\/users\/13"}],"replies":[{"embeddable":true,"href":"https:\/\/www.kvb-rad.de\/koeln\/de\/wp-json\/wp\/v2\/comments?post=191"}],"version-history":[{"count":22,"href":"https:\/\/www.kvb-rad.de\/koeln\/de\/wp-json\/wp\/v2\/pages\/191\/revisions"}],"predecessor-version":[{"id":343,"href":"https:\/\/www.kvb-rad.de\/koeln\/de\/wp-json\/wp\/v2\/pages\/191\/revisions\/343"}],"wp:attachment":[{"href":"https:\/\/www.kvb-rad.de\/koeln\/de\/wp-json\/wp\/v2\/media?parent=191"}],"curies":[{"name":"wp","href":"https:\/\/api.w.org\/{rel}","templated":true}]}}